{"id":1359,"date":"2024-09-27T15:52:46","date_gmt":"2024-09-27T08:52:46","guid":{"rendered":"http:\/\/shinetsusilicones.vn\/san-pham\/%e3%82%aa%e3%83%aa%e3%82%b4%e3%83%9e%e3%83%bc\/"},"modified":"2024-11-18T14:32:08","modified_gmt":"2024-11-18T07:32:08","slug":"%e3%82%aa%e3%83%aa%e3%82%b4%e3%83%9e%e3%83%bc","status":"publish","type":"product","link":"https:\/\/shinetsusilicones.vn\/ja\/san-pham\/%e3%82%aa%e3%83%aa%e3%82%b4%e3%83%9e%e3%83%bc\/","title":{"rendered":"\u30aa\u30ea\u30b4\u30de\u30fc"},"content":{"rendered":"<p><!--T\u00ednh n\u0103ng01--><\/p>\n<div class=\"column-3_l\" bis_skin_checked=\"1\">\n<h3>Kh\u1ea3 n\u0103ng t\u01b0\u01a1ng th\u00edch v\u1edbi nh\u1ef1a h\u1eefu c\u01a1<\/h3>\n<p>Do tr\u1ecdng l\u01b0\u1ee3ng ph\u00e2n t\u1eed th\u1ea5p n\u00ean ch\u00fang c\u00f3 kh\u1ea3 n\u0103ng t\u01b0\u01a1ng th\u00edch tuy\u1ec7t v\u1eddi.<\/p>\n<\/div>\n<p><!--T\u00ednh n\u0103ng02--><\/p>\n<div class=\"column-3_m\" bis_skin_checked=\"1\">\n<h3>N\u1ed9i dung \u00edt bi\u1ebfn \u0111\u1ed9ng<\/h3>\n<p>Ngay c\u1ea3 trong \u0111i\u1ec1u ki\u1ec7n nhi\u1ec7t \u0111\u1ed9 cao, \u00edt c\u00f3 s\u1ef1 bay h\u01a1i v\u00e0 c\u00e1c ho\u1ea1t ch\u1ea5t ho\u1ea1t \u0111\u1ed9ng nh\u01b0 thi\u1ebft k\u1ebf.<\/p>\n<\/div>\n<p><!--T\u00ednh n\u0103ng03--><\/p>\n<div class=\"column-3_r\" bis_skin_checked=\"1\">\n<h3>S\u1ed1 l\u01b0\u1ee3ng l\u1edbn c\u00e1c v\u1ecb tr\u00ed ph\u1ea3n \u1ee9ng<\/h3>\n<p>Hi\u1ec7u qu\u1ea3 h\u01a1n so v\u1edbi monome v\u00ec c\u00f3 nhi\u1ec1u v\u1ecb tr\u00ed ph\u1ea3n \u1ee9ng h\u01a1n v\u1edbi v\u1eadt li\u1ec7u mong mu\u1ed1n.<\/p>\n<\/div>\n","protected":false},"excerpt":{"rendered":"<p>Oligomer silicon l\u00e0 lo\u1ea1i nh\u1ef1a c\u00f3 tr\u1ecdng l\u01b0\u1ee3ng ph\u00e2n t\u1eed t\u01b0\u01a1ng \u0111\u1ed1i th\u1ea5p, ph\u00e2n t\u1eed c\u1ee7a ch\u00fang c\u00f3 c\u1ea5u tr\u00fac m\u1ea1ng ba chi\u1ec1u. Nh\u1edd c\u1ea5u tr\u00fac n\u00e0y, c\u00e1c oligome silicon c\u00f3 th\u1ec3 \u0111\u01b0\u1ee3c s\u1eed d\u1ee5ng l\u00e0m nh\u1ef1a, l\u00e0m ch\u1ea5t bi\u1ebfn t\u00ednh nh\u1ef1a h\u1eefu c\u01a1. Ch\u00fang \u0111\u01b0\u1ee3c s\u1eed d\u1ee5ng trong nhi\u1ec1u \u1ee9ng d\u1ee5ng v\u00e0 l\u0129nh v\u1ef1c kh\u00e1c nhau, v\u00e0 s\u1ef1 \u0111a d\u1ea1ng c\u1ee7a c\u00e1c s\u1ea3n ph\u1ea9m c\u00f3 s\u1eb5n \u0111\u00e3 khi\u1ebfn ch\u00fang tr\u1edf th\u00e0nh t\u00e2m \u0111i\u1ec3m ch\u00fa \u00fd ng\u00e0y c\u00e0ng t\u0103ng trong nh\u1eefng n\u0103m g\u1ea7n \u0111\u00e2y.  <\/p>\n","protected":false},"featured_media":1100,"comment_status":"closed","ping_status":"open","template":"","meta":{"site-sidebar-layout":"default","site-content-layout":"","ast-site-content-layout":"","site-content-style":"default","site-sidebar-style":"default","ast-global-header-display":"","ast-banner-title-visibility":"","ast-main-header-display":"","ast-hfb-above-header-display":"","ast-hfb-below-header-display":"","ast-hfb-mobile-header-display":"","site-post-title":"","ast-breadcrumbs-content":"","ast-featured-img":"","footer-sml-layout":"","theme-transparent-header-meta":"","adv-header-id-meta":"","stick-header-meta":"","header-above-stick-meta":"","header-main-stick-meta":"","header-below-stick-meta":"","astra-migrate-meta-layouts":"default","ast-page-background-enabled":"default","ast-page-background-meta":{"desktop":{"background-color":"var(--ast-global-color-4)","background-image":"","background-repeat":"repeat","background-position":"center center","background-size":"auto","background-attachment":"scroll","background-type":"","background-media":"","overlay-type":"","overlay-color":"","overlay-opacity":"","overlay-gradient":""},"tablet":{"background-color":"","background-image":"","background-repeat":"repeat","background-position":"center center","background-size":"auto","background-attachment":"scroll","background-type":"","background-media":"","overlay-type":"","overlay-color":"","overlay-opacity":"","overlay-gradient":""},"mobile":{"background-color":"","background-image":"","background-repeat":"repeat","background-position":"center center","background-size":"auto","background-attachment":"scroll","background-type":"","background-media":"","overlay-type":"","overlay-color":"","overlay-opacity":"","overlay-gradient":""}},"ast-content-background-meta":{"desktop":{"background-color":"var(--ast-global-color-5)","background-image":"","background-repeat":"repeat","background-position":"center center","background-size":"auto","background-attachment":"scroll","background-type":"","background-media":"","overlay-type":"","overlay-color":"","overlay-opacity":"","overlay-gradient":""},"tablet":{"background-color":"var(--ast-global-color-5)","background-image":"","background-repeat":"repeat","background-position":"center center","background-size":"auto","background-attachment":"scroll","background-type":"","background-media":"","overlay-type":"","overlay-color":"","overlay-opacity":"","overlay-gradient":""},"mobile":{"background-color":"var(--ast-global-color-5)","background-image":"","background-repeat":"repeat","background-position":"center center","background-size":"auto","background-attachment":"scroll","background-type":"","background-media":"","overlay-type":"","overlay-color":"","overlay-opacity":"","overlay-gradient":""}}},"product_brand":[],"product_cat":[64],"product_tag":[],"class_list":{"0":"post-1359","1":"product","2":"type-product","3":"status-publish","4":"has-post-thumbnail","6":"product_cat-64","7":"desktop-align-left","8":"tablet-align-left","9":"mobile-align-left","11":"first","12":"instock","13":"product-type-simple"},"_links":{"self":[{"href":"https:\/\/shinetsusilicones.vn\/ja\/wp-json\/wp\/v2\/product\/1359","targetHints":{"allow":["GET"]}}],"collection":[{"href":"https:\/\/shinetsusilicones.vn\/ja\/wp-json\/wp\/v2\/product"}],"about":[{"href":"https:\/\/shinetsusilicones.vn\/ja\/wp-json\/wp\/v2\/types\/product"}],"replies":[{"embeddable":true,"href":"https:\/\/shinetsusilicones.vn\/ja\/wp-json\/wp\/v2\/comments?post=1359"}],"wp:featuredmedia":[{"embeddable":true,"href":"https:\/\/shinetsusilicones.vn\/ja\/wp-json\/wp\/v2\/media\/1100"}],"wp:attachment":[{"href":"https:\/\/shinetsusilicones.vn\/ja\/wp-json\/wp\/v2\/media?parent=1359"}],"wp:term":[{"taxonomy":"product_brand","embeddable":true,"href":"https:\/\/shinetsusilicones.vn\/ja\/wp-json\/wp\/v2\/product_brand?post=1359"},{"taxonomy":"product_cat","embeddable":true,"href":"https:\/\/shinetsusilicones.vn\/ja\/wp-json\/wp\/v2\/product_cat?post=1359"},{"taxonomy":"product_tag","embeddable":true,"href":"https:\/\/shinetsusilicones.vn\/ja\/wp-json\/wp\/v2\/product_tag?post=1359"}],"curies":[{"name":"wp","href":"https:\/\/api.w.org\/{rel}","templated":true}]}}