{"id":1369,"date":"2024-09-27T15:52:46","date_gmt":"2024-09-27T08:52:46","guid":{"rendered":"http:\/\/shinetsusilicones.vn\/san-pham\/silane-coupling-agent\/"},"modified":"2024-11-18T11:04:13","modified_gmt":"2024-11-18T04:04:13","slug":"silane-coupling-agent","status":"publish","type":"product","link":"https:\/\/shinetsusilicones.vn\/en\/san-pham\/silane-coupling-agent\/","title":{"rendered":"Silane coupling agent"},"content":{"rendered":"<p><!--T\u00ednh n\u0103ng01--><\/p>\n<div class=\"column-2_l\">\n<h3>V\u1eadt li\u1ec7u composite ch\u1ea5t l\u01b0\u1ee3ng cao h\u01a1n<\/h3>\n<p>C\u00e1c ch\u1ea5t li\u00ean k\u1ebft silane c\u1ea3i thi\u1ec7n \u0111\u1ed9 ph\u00e2n t\u00e1n trong qu\u00e1 tr\u00ecnh tr\u1ed9n nh\u1ef1a v\u00e0 ch\u1ea5t \u0111\u1ed9n, \u0111\u1ed3ng th\u1eddi c\u1ea3i thi\u1ec7n \u0111\u1ed9 b\u1ec1n c\u01a1 h\u1ecdc, kh\u1ea3 n\u0103ng ch\u1ecbu n\u01b0\u1edbc v\u00e0 nhi\u1ec7t, \u0111\u1ed9 trong su\u1ed1t, \u0111\u1ed9 b\u00e1m d\u00ednh v\u00e0 c\u00e1c t\u00ednh ch\u1ea5t kh\u00e1c c\u1ee7a v\u1eadt li\u1ec7u composite. Ch\u1ea5t li\u00ean k\u1ebft silane c\u0169ng c\u00f3 hi\u1ec7u qu\u1ea3 cao trong vi\u1ec7c c\u1ea3i thi\u1ec7n li\u00ean k\u1ebft h\u00f3a h\u1ecdc c\u1ee7a nh\u1ef1a x\u1eed l\u00fd nhi\u1ec7t v\u00e0 kh\u1ea3 n\u0103ng t\u01b0\u01a1ng th\u00edch c\u1ee7a ch\u00fang v\u1edbi polyme. <\/p>\n<\/div>\n<p><!--T\u00ednh n\u0103ng02--><\/p>\n<div class=\"column-2_r\">\n<h3>Bi\u1ebfn \u0111\u1ed5i nh\u1ef1a \/ X\u1eed l\u00fd b\u1ec1 m\u1eb7t<\/h3>\n<p>Ph\u1ea3n \u1ee9ng c\u1ee7a nh\u1ef1a v\u1edbi ch\u1ea5t li\u00ean k\u1ebft silane c\u00f3 th\u1ec3 c\u1ea3i thi\u1ec7n kh\u1ea3 n\u0103ng b\u00e1m d\u00ednh c\u1ee7a nh\u1ef1a v\u1edbi c\u00e1c v\u1eadt li\u1ec7u v\u00f4 c\u01a1, \u0111\u1eb7c t\u00ednh x\u1eed l\u00fd \u0111\u1ed9 \u1ea9m \u1edf nhi\u1ec7t \u0111\u1ed9 th\u1ea5p v\u00e0 c\u1ea3i thi\u1ec7n kh\u1ea3 n\u0103ng ch\u1ecbu th\u1eddi ti\u1ebft c\u0169ng nh\u01b0 kh\u1ea3 n\u0103ng ch\u1ecbu nhi\u1ec7t, axit v\u00e0 dung m\u00f4i. Ch\u1ea5t li\u00ean k\u1ebft silane c\u0169ng c\u00f3 th\u1ec3 \u0111\u01b0\u1ee3c s\u1eed d\u1ee5ng \u0111\u1ec3 x\u1eed l\u00fd b\u1ec1 m\u1eb7t v\u1eadt li\u1ec7u v\u00f4 c\u01a1 nh\u1eb1m c\u1ea3i thi\u1ec7n \u0111\u1eb7c t\u00ednh b\u1ec1 m\u1eb7t c\u1ee7a v\u1eadt li\u1ec7u. <\/p>\n<\/div>\n","protected":false},"excerpt":{"rendered":"<p>C\u00e1c ch\u1ea5t li\u00ean k\u1ebft silane ch\u1ee9a \u00edt nh\u1ea5t hai nh\u00f3m ph\u1ea3n \u1ee9ng kh\u00e1c nhau trong ph\u00e2n t\u1eed c\u1ee7a ch\u00fang. M\u1ed9t trong nh\u1eefng nh\u00f3m ch\u1ee9c n\u0103ng n\u00e0y h\u00ecnh th\u00e0nh li\u00ean k\u1ebft h\u00f3a h\u1ecdc v\u1edbi c\u00e1c v\u1eadt li\u1ec7u v\u00f4 c\u01a1 v\u00e0 nh\u00f3m c\u00f2n l\u1ea1i h\u00ecnh th\u00e0nh li\u00ean k\u1ebft h\u00f3a h\u1ecdc v\u1edbi c\u00e1c v\u1eadt li\u1ec7u h\u1eefu c\u01a1. \u0110\u1eb7c t\u00ednh n\u00e0y cho ph\u00e9p c\u00e1c ch\u1ea5t li\u00ean k\u1ebft silane ho\u1ea1t \u0111\u1ed9ng nh\u01b0 ch\u1ea5t trung gian trong vi\u1ec7c li\u00ean k\u1ebft c\u00e1c v\u1eadt li\u1ec7u h\u1eefu c\u01a1 v\u1edbi c\u00e1c v\u1eadt li\u1ec7u v\u00f4 c\u01a1, th\u01b0\u1eddng c\u00f3 xu h\u01b0\u1edbng kh\u00f4ng li\u00ean k\u1ebft v\u1edbi nhau.  <\/p>\n","protected":false},"featured_media":1370,"comment_status":"closed","ping_status":"closed","template":"","meta":{"site-sidebar-layout":"default","site-content-layout":"","ast-site-content-layout":"default","site-content-style":"default","site-sidebar-style":"default","ast-global-header-display":"","ast-banner-title-visibility":"","ast-main-header-display":"","ast-hfb-above-header-display":"","ast-hfb-below-header-display":"","ast-hfb-mobile-header-display":"","site-post-title":"","ast-breadcrumbs-content":"","ast-featured-img":"","footer-sml-layout":"","theme-transparent-header-meta":"default","adv-header-id-meta":"","stick-header-meta":"","header-above-stick-meta":"","header-main-stick-meta":"","header-below-stick-meta":"","astra-migrate-meta-layouts":"default","ast-page-background-enabled":"default","ast-page-background-meta":{"desktop":{"background-color":"var(--ast-global-color-4)","background-image":"","background-repeat":"repeat","background-position":"center center","background-size":"auto","background-attachment":"scroll","background-type":"","background-media":"","overlay-type":"","overlay-color":"","overlay-opacity":"","overlay-gradient":""},"tablet":{"background-color":"","background-image":"","background-repeat":"repeat","background-position":"center center","background-size":"auto","background-attachment":"scroll","background-type":"","background-media":"","overlay-type":"","overlay-color":"","overlay-opacity":"","overlay-gradient":""},"mobile":{"background-color":"","background-image":"","background-repeat":"repeat","background-position":"center center","background-size":"auto","background-attachment":"scroll","background-type":"","background-media":"","overlay-type":"","overlay-color":"","overlay-opacity":"","overlay-gradient":""}},"ast-content-background-meta":{"desktop":{"background-color":"var(--ast-global-color-5)","background-image":"","background-repeat":"repeat","background-position":"center center","background-size":"auto","background-attachment":"scroll","background-type":"","background-media":"","overlay-type":"","overlay-color":"","overlay-opacity":"","overlay-gradient":""},"tablet":{"background-color":"var(--ast-global-color-5)","background-image":"","background-repeat":"repeat","background-position":"center center","background-size":"auto","background-attachment":"scroll","background-type":"","background-media":"","overlay-type":"","overlay-color":"","overlay-opacity":"","overlay-gradient":""},"mobile":{"background-color":"var(--ast-global-color-5)","background-image":"","background-repeat":"repeat","background-position":"center center","background-size":"auto","background-attachment":"scroll","background-type":"","background-media":"","overlay-type":"","overlay-color":"","overlay-opacity":"","overlay-gradient":""}}},"product_brand":[],"product_cat":[67],"product_tag":[],"class_list":{"0":"post-1369","1":"product","2":"type-product","3":"status-publish","4":"has-post-thumbnail","6":"product_cat-silane-en","7":"desktop-align-left","8":"tablet-align-left","9":"mobile-align-left","11":"first","12":"instock","13":"product-type-simple"},"_links":{"self":[{"href":"https:\/\/shinetsusilicones.vn\/en\/wp-json\/wp\/v2\/product\/1369","targetHints":{"allow":["GET"]}}],"collection":[{"href":"https:\/\/shinetsusilicones.vn\/en\/wp-json\/wp\/v2\/product"}],"about":[{"href":"https:\/\/shinetsusilicones.vn\/en\/wp-json\/wp\/v2\/types\/product"}],"replies":[{"embeddable":true,"href":"https:\/\/shinetsusilicones.vn\/en\/wp-json\/wp\/v2\/comments?post=1369"}],"wp:featuredmedia":[{"embeddable":true,"href":"https:\/\/shinetsusilicones.vn\/en\/wp-json\/wp\/v2\/media\/1370"}],"wp:attachment":[{"href":"https:\/\/shinetsusilicones.vn\/en\/wp-json\/wp\/v2\/media?parent=1369"}],"wp:term":[{"taxonomy":"product_brand","embeddable":true,"href":"https:\/\/shinetsusilicones.vn\/en\/wp-json\/wp\/v2\/product_brand?post=1369"},{"taxonomy":"product_cat","embeddable":true,"href":"https:\/\/shinetsusilicones.vn\/en\/wp-json\/wp\/v2\/product_cat?post=1369"},{"taxonomy":"product_tag","embeddable":true,"href":"https:\/\/shinetsusilicones.vn\/en\/wp-json\/wp\/v2\/product_tag?post=1369"}],"curies":[{"name":"wp","href":"https:\/\/api.w.org\/{rel}","templated":true}]}}