{"id":1366,"date":"2024-09-27T15:52:46","date_gmt":"2024-09-27T08:52:46","guid":{"rendered":"http:\/\/shinetsusilicones.vn\/san-pham\/silane\/"},"modified":"2024-11-18T10:58:01","modified_gmt":"2024-11-18T03:58:01","slug":"silane","status":"publish","type":"product","link":"https:\/\/shinetsusilicones.vn\/en\/san-pham\/silane\/","title":{"rendered":"silane"},"content":{"rendered":"<p><!--T\u00ednh n\u0103ng01--><\/p>\n<div class=\"column-2_l\" bis_skin_checked=\"1\">\n<h3>Bi\u1ebfn \u0111\u1ed5i v\u1eadt li\u1ec7u v\u00f4 c\u01a1<\/h3>\n<p>\u0110\u1ec3 bi\u1ebfn \u0111\u1ed5i b\u1ec1 m\u1eb7t c\u1ee7a ch\u1ea5t n\u1ec1n v\u00f4 c\u01a1 v\u00e0 ch\u1ea5t \u0111\u1ed9n (\u0111\u1ec3 c\u1ea3i thi\u1ec7n kh\u1ea3 n\u0103ng ph\u00e2n t\u00e1n trong nh\u1ef1a h\u1eefu c\u01a1) v\u00e0 c\u1ea3i thi\u1ec7n kh\u1ea3 n\u0103ng ch\u1ed1ng th\u1ea5m n\u01b0\u1edbc.<\/p>\n<\/div>\n<p><!--T\u00ednh n\u0103ng02--><\/p>\n<div class=\"column-2_r\" bis_skin_checked=\"1\">\n<h3>B\u1ea3o v\u1ec7 c\u00e1c nh\u00f3m ch\u1ee9c n\u0103ng<\/h3>\n<p>B\u1ea3o v\u1ec7 c\u00e1c nh\u00f3m ch\u1ee9c trong qu\u00e1 tr\u00ecnh t\u1ed5ng h\u1ee3p d\u01b0\u1ee3c ph\u1ea9m v\u00e0 h\u00f3a ch\u1ea5t n\u00f4ng nghi\u1ec7p.<\/p>\n<\/div>\n<p><!--T\u00ednh n\u0103ng03--><\/p>\n<div class=\"column-2_l clear\" bis_skin_checked=\"1\">\n<h3>Bi\u1ebfn \u0111\u1ed5i nh\u1ef1a h\u1eefu c\u01a1 v\u00e0 l\u00e0m nguy\u00ean li\u1ec7u th\u00f4 polyme<\/h3>\n<p>\u0110\u1ec3 bi\u1ebfn \u0111\u1ed5i silicon c\u1ee7a nh\u1ef1a h\u1eefu c\u01a1 v\u00e0 l\u00e0m nguy\u00ean li\u1ec7u th\u00f4 (monome) trong s\u1ea3n xu\u1ea5t polyme v\u00e0 nh\u1ef1a silicon.<\/p>\n<\/div>\n","protected":false},"excerpt":{"rendered":"<p>Silan l\u00e0 m\u1ed9t lo\u1ea1i h\u1ee3p ch\u1ea5t silicon bao g\u1ed3m chlorosilane, alkoxysilane v\u00e0 silazanes. Silane \u0111\u01b0\u1ee3c s\u1eed d\u1ee5ng trong nhi\u1ec1u l\u0129nh v\u1ef1c kh\u00e1c nhau, t\u1eadn d\u1ee5ng c\u00e1c \u0111\u1eb7c t\u00ednh \u0111\u1ed9c \u0111\u00e1o c\u1ee7a h\u1ee3p ch\u1ea5t silicon. <\/p>\n","protected":false},"featured_media":1367,"comment_status":"closed","ping_status":"open","template":"","meta":{"site-sidebar-layout":"default","site-content-layout":"","ast-site-content-layout":"","site-content-style":"default","site-sidebar-style":"default","ast-global-header-display":"","ast-banner-title-visibility":"","ast-main-header-display":"","ast-hfb-above-header-display":"","ast-hfb-below-header-display":"","ast-hfb-mobile-header-display":"","site-post-title":"","ast-breadcrumbs-content":"","ast-featured-img":"","footer-sml-layout":"","theme-transparent-header-meta":"","adv-header-id-meta":"","stick-header-meta":"","header-above-stick-meta":"","header-main-stick-meta":"","header-below-stick-meta":"","astra-migrate-meta-layouts":"default","ast-page-background-enabled":"default","ast-page-background-meta":{"desktop":{"background-color":"var(--ast-global-color-4)","background-image":"","background-repeat":"repeat","background-position":"center center","background-size":"auto","background-attachment":"scroll","background-type":"","background-media":"","overlay-type":"","overlay-color":"","overlay-opacity":"","overlay-gradient":""},"tablet":{"background-color":"","background-image":"","background-repeat":"repeat","background-position":"center center","background-size":"auto","background-attachment":"scroll","background-type":"","background-media":"","overlay-type":"","overlay-color":"","overlay-opacity":"","overlay-gradient":""},"mobile":{"background-color":"","background-image":"","background-repeat":"repeat","background-position":"center center","background-size":"auto","background-attachment":"scroll","background-type":"","background-media":"","overlay-type":"","overlay-color":"","overlay-opacity":"","overlay-gradient":""}},"ast-content-background-meta":{"desktop":{"background-color":"var(--ast-global-color-5)","background-image":"","background-repeat":"repeat","background-position":"center center","background-size":"auto","background-attachment":"scroll","background-type":"","background-media":"","overlay-type":"","overlay-color":"","overlay-opacity":"","overlay-gradient":""},"tablet":{"background-color":"var(--ast-global-color-5)","background-image":"","background-repeat":"repeat","background-position":"center center","background-size":"auto","background-attachment":"scroll","background-type":"","background-media":"","overlay-type":"","overlay-color":"","overlay-opacity":"","overlay-gradient":""},"mobile":{"background-color":"var(--ast-global-color-5)","background-image":"","background-repeat":"repeat","background-position":"center center","background-size":"auto","background-attachment":"scroll","background-type":"","background-media":"","overlay-type":"","overlay-color":"","overlay-opacity":"","overlay-gradient":""}}},"product_brand":[],"product_cat":[67],"product_tag":[],"class_list":{"0":"post-1366","1":"product","2":"type-product","3":"status-publish","4":"has-post-thumbnail","6":"product_cat-silane-en","7":"desktop-align-left","8":"tablet-align-left","9":"mobile-align-left","11":"first","12":"instock","13":"product-type-simple"},"_links":{"self":[{"href":"https:\/\/shinetsusilicones.vn\/en\/wp-json\/wp\/v2\/product\/1366","targetHints":{"allow":["GET"]}}],"collection":[{"href":"https:\/\/shinetsusilicones.vn\/en\/wp-json\/wp\/v2\/product"}],"about":[{"href":"https:\/\/shinetsusilicones.vn\/en\/wp-json\/wp\/v2\/types\/product"}],"replies":[{"embeddable":true,"href":"https:\/\/shinetsusilicones.vn\/en\/wp-json\/wp\/v2\/comments?post=1366"}],"wp:featuredmedia":[{"embeddable":true,"href":"https:\/\/shinetsusilicones.vn\/en\/wp-json\/wp\/v2\/media\/1367"}],"wp:attachment":[{"href":"https:\/\/shinetsusilicones.vn\/en\/wp-json\/wp\/v2\/media?parent=1366"}],"wp:term":[{"taxonomy":"product_brand","embeddable":true,"href":"https:\/\/shinetsusilicones.vn\/en\/wp-json\/wp\/v2\/product_brand?post=1366"},{"taxonomy":"product_cat","embeddable":true,"href":"https:\/\/shinetsusilicones.vn\/en\/wp-json\/wp\/v2\/product_cat?post=1366"},{"taxonomy":"product_tag","embeddable":true,"href":"https:\/\/shinetsusilicones.vn\/en\/wp-json\/wp\/v2\/product_tag?post=1366"}],"curies":[{"name":"wp","href":"https:\/\/api.w.org\/{rel}","templated":true}]}}